{"id":8,"date":"2022-06-19T15:25:16","date_gmt":"2022-06-19T15:25:16","guid":{"rendered":"https:\/\/hirsch-schlattstall.de\/WP\/?page_id=8"},"modified":"2022-06-19T15:40:36","modified_gmt":"2022-06-19T15:40:36","slug":"unsere-raeumlichkeiten","status":"publish","type":"page","link":"https:\/\/hirsch-schlattstall.de\/index.php\/unsere-raeumlichkeiten\/","title":{"rendered":"Unsere R\u00e4umlichkeiten"},"content":{"rendered":"\n<div class=\"wp-block-columns is-layout-flex wp-container-core-columns-is-layout-9d6595d7 wp-block-columns-is-layout-flex\">\n<div class=\"wp-block-column is-layout-flow wp-block-column-is-layout-flow\">\n<p>In der Gaststube gibt es Platz f\u00fcr 30 G\u00e4ste.<\/p>\n\n\n\n<figure class=\"wp-block-image size-large\"><img loading=\"lazy\" decoding=\"async\" width=\"1024\" height=\"664\" src=\"https:\/\/hirsch-schlattstall.de\/WP\/wp-content\/uploads\/2022\/06\/IMG_0014_b-1024x664.jpg\" alt=\"\" class=\"wp-image-9\" srcset=\"https:\/\/hirsch-schlattstall.de\/WP\/wp-content\/uploads\/2022\/06\/IMG_0014_b-1024x664.jpg 1024w, https:\/\/hirsch-schlattstall.de\/WP\/wp-content\/uploads\/2022\/06\/IMG_0014_b-300x195.jpg 300w, https:\/\/hirsch-schlattstall.de\/WP\/wp-content\/uploads\/2022\/06\/IMG_0014_b-768x498.jpg 768w, https:\/\/hirsch-schlattstall.de\/WP\/wp-content\/uploads\/2022\/06\/IMG_0014_b-1536x996.jpg 1536w, https:\/\/hirsch-schlattstall.de\/WP\/wp-content\/uploads\/2022\/06\/IMG_0014_b-2048x1328.jpg 2048w\" sizes=\"auto, (max-width: 1024px) 100vw, 1024px\" \/><\/figure>\n\n\n\n<p><\/p>\n<\/div>\n\n\n\n<div class=\"wp-block-column is-layout-flow wp-block-column-is-layout-flow\"><\/div>\n<\/div>\n\n\n\n<p>Im Nebenzimmer k\u00f6nnen wir 38 G\u00e4ste bewirten und im Saal k\u00f6nnen wir Ihre besondere Veranstaltung mit 50 G\u00e4sten durchf\u00fchren.<\/p>\n\n\n\n<div class=\"wp-block-columns is-layout-flex wp-container-core-columns-is-layout-9d6595d7 wp-block-columns-is-layout-flex\">\n<div class=\"wp-block-column is-layout-flow wp-block-column-is-layout-flow\">\n<p>Unser Nebenzimmer<\/p>\n\n\n\n<figure class=\"wp-block-image size-large\"><img loading=\"lazy\" decoding=\"async\" width=\"1024\" height=\"735\" src=\"https:\/\/hirsch-schlattstall.de\/WP\/wp-content\/uploads\/2022\/06\/Nebenzimmer_b-1024x735.jpg\" alt=\"\" class=\"wp-image-10\" srcset=\"https:\/\/hirsch-schlattstall.de\/WP\/wp-content\/uploads\/2022\/06\/Nebenzimmer_b-1024x735.jpg 1024w, https:\/\/hirsch-schlattstall.de\/WP\/wp-content\/uploads\/2022\/06\/Nebenzimmer_b-300x215.jpg 300w, https:\/\/hirsch-schlattstall.de\/WP\/wp-content\/uploads\/2022\/06\/Nebenzimmer_b-768x551.jpg 768w, https:\/\/hirsch-schlattstall.de\/WP\/wp-content\/uploads\/2022\/06\/Nebenzimmer_b-1536x1103.jpg 1536w, https:\/\/hirsch-schlattstall.de\/WP\/wp-content\/uploads\/2022\/06\/Nebenzimmer_b-2048x1470.jpg 2048w\" sizes=\"auto, (max-width: 1024px) 100vw, 1024px\" \/><\/figure>\n<\/div>\n\n\n\n<div class=\"wp-block-column is-layout-flow wp-block-column-is-layout-flow\">\n<p>Unser Saal<\/p>\n\n\n\n<figure class=\"wp-block-image size-large\"><img loading=\"lazy\" decoding=\"async\" width=\"1024\" height=\"768\" src=\"https:\/\/hirsch-schlattstall.de\/WP\/wp-content\/uploads\/2022\/06\/IMG_0952-1024x768.jpg\" alt=\"\" class=\"wp-image-11\" srcset=\"https:\/\/hirsch-schlattstall.de\/WP\/wp-content\/uploads\/2022\/06\/IMG_0952-1024x768.jpg 1024w, https:\/\/hirsch-schlattstall.de\/WP\/wp-content\/uploads\/2022\/06\/IMG_0952-300x225.jpg 300w, https:\/\/hirsch-schlattstall.de\/WP\/wp-content\/uploads\/2022\/06\/IMG_0952-768x576.jpg 768w, https:\/\/hirsch-schlattstall.de\/WP\/wp-content\/uploads\/2022\/06\/IMG_0952-1536x1152.jpg 1536w, https:\/\/hirsch-schlattstall.de\/WP\/wp-content\/uploads\/2022\/06\/IMG_0952-2048x1536.jpg 2048w\" sizes=\"auto, (max-width: 1024px) 100vw, 1024px\" \/><\/figure>\n<\/div>\n<\/div>\n","protected":false},"excerpt":{"rendered":"<p>In der Gaststube gibt es Platz f\u00fcr 30 G\u00e4ste. Im Nebenzimmer k\u00f6nnen wir 38 G\u00e4ste bewirten und im Saal k\u00f6nnen wir Ihre besondere Veranstaltung mit 50 G\u00e4sten durchf\u00fchren. Unser Nebenzimmer Unser Saal<\/p>\n","protected":false},"author":1,"featured_media":0,"parent":0,"menu_order":0,"comment_status":"closed","ping_status":"closed","template":"","meta":{"footnotes":""},"class_list":["post-8","page","type-page","status-publish","hentry"],"_links":{"self":[{"href":"https:\/\/hirsch-schlattstall.de\/index.php\/wp-json\/wp\/v2\/pages\/8","targetHints":{"allow":["GET"]}}],"collection":[{"href":"https:\/\/hirsch-schlattstall.de\/index.php\/wp-json\/wp\/v2\/pages"}],"about":[{"href":"https:\/\/hirsch-schlattstall.de\/index.php\/wp-json\/wp\/v2\/types\/page"}],"author":[{"embeddable":true,"href":"https:\/\/hirsch-schlattstall.de\/index.php\/wp-json\/wp\/v2\/users\/1"}],"replies":[{"embeddable":true,"href":"https:\/\/hirsch-schlattstall.de\/index.php\/wp-json\/wp\/v2\/comments?post=8"}],"version-history":[{"count":2,"href":"https:\/\/hirsch-schlattstall.de\/index.php\/wp-json\/wp\/v2\/pages\/8\/revisions"}],"predecessor-version":[{"id":48,"href":"https:\/\/hirsch-schlattstall.de\/index.php\/wp-json\/wp\/v2\/pages\/8\/revisions\/48"}],"wp:attachment":[{"href":"https:\/\/hirsch-schlattstall.de\/index.php\/wp-json\/wp\/v2\/media?parent=8"}],"curies":[{"name":"wp","href":"https:\/\/api.w.org\/{rel}","templated":true}]}}