{"id":13,"date":"2022-06-19T15:25:15","date_gmt":"2022-06-19T15:25:15","guid":{"rendered":"https:\/\/hirsch-schlattstall.de\/WP\/?page_id=13"},"modified":"2022-06-19T15:35:31","modified_gmt":"2022-06-19T15:35:31","slug":"kueche-keller","status":"publish","type":"page","link":"https:\/\/hirsch-schlattstall.de\/index.php\/kueche-keller\/","title":{"rendered":"K\u00fcche &#038; Keller"},"content":{"rendered":"\n<h3 class=\"wp-block-heading\">Philosophie<\/h3>\n\n\n\n<p>Schw\u00e4bische Gerichte, zeitgem\u00e4\u00df,<br>aus frischen Produkten zubereitet,<br>mit \u00fcberschaubaren Ausfl\u00fcgen<br>in die internationale K\u00fcche.<\/p>\n\n\n\n<div class=\"wp-block-columns is-layout-flex wp-container-core-columns-is-layout-9d6595d7 wp-block-columns-is-layout-flex\">\n<div class=\"wp-block-column is-layout-flow wp-block-column-is-layout-flow\">\n<figure class=\"wp-block-image size-large\"><img loading=\"lazy\" decoding=\"async\" width=\"1024\" height=\"811\" src=\"https:\/\/hirsch-schlattstall.de\/WP\/wp-content\/uploads\/2022\/06\/Dreierlei-1024x811.jpg\" alt=\"Dreierlei\" class=\"wp-image-29\" srcset=\"https:\/\/hirsch-schlattstall.de\/WP\/wp-content\/uploads\/2022\/06\/Dreierlei-1024x811.jpg 1024w, https:\/\/hirsch-schlattstall.de\/WP\/wp-content\/uploads\/2022\/06\/Dreierlei-300x238.jpg 300w, https:\/\/hirsch-schlattstall.de\/WP\/wp-content\/uploads\/2022\/06\/Dreierlei-768x608.jpg 768w, https:\/\/hirsch-schlattstall.de\/WP\/wp-content\/uploads\/2022\/06\/Dreierlei.jpg 1042w\" sizes=\"auto, (max-width: 1024px) 100vw, 1024px\" \/><\/figure>\n<\/div>\n\n\n\n<div class=\"wp-block-column is-layout-flow wp-block-column-is-layout-flow\"><\/div>\n<\/div>\n\n\n\n<p><\/p>\n\n\n\n<div class=\"wp-block-columns is-layout-flex wp-container-core-columns-is-layout-9d6595d7 wp-block-columns-is-layout-flex\">\n<div class=\"wp-block-column is-layout-flow wp-block-column-is-layout-flow\"><\/div>\n\n\n\n<div class=\"wp-block-column is-layout-flow wp-block-column-is-layout-flow\">\n<h3 class=\"wp-block-heading\">Lebensmittel-<br>unvertr\u00e4glichkeiten<\/h3>\n\n\n\n<p>Besondere Gerichte f\u00fcr G\u00e4ste mit Lebensmittelunvertr\u00e4glichkeiten<\/p>\n\n\n\n<p>Bitte sprechen Sie uns an. Gerne gehen wir auf Ihre individuellen Bed\u00fcrfnisse ein.<\/p>\n<\/div>\n<\/div>\n\n\n\n<p><\/p>\n\n\n\n<div class=\"wp-block-columns is-layout-flex wp-container-core-columns-is-layout-9d6595d7 wp-block-columns-is-layout-flex\">\n<div class=\"wp-block-column is-layout-flow wp-block-column-is-layout-flow\">\n<h3 class=\"wp-block-heading\">Saisonale Speziali\u00e4ten<\/h3>\n\n\n\n<p>Spargelzeit<\/p>\n\n\n\n<p>G\u00e4nsezeit<\/p>\n<\/div>\n\n\n\n<div class=\"wp-block-column is-layout-flow wp-block-column-is-layout-flow\">\n<figure class=\"wp-block-gallery has-nested-images columns-default is-cropped wp-block-gallery-1 is-layout-flex wp-block-gallery-is-layout-flex\">\n<figure class=\"wp-block-image size-large\"><img loading=\"lazy\" decoding=\"async\" width=\"1024\" height=\"856\" data-id=\"14\" src=\"https:\/\/hirsch-schlattstall.de\/WP\/wp-content\/uploads\/2022\/06\/2013-11.22.Hirsch-Schlattstall-20-1024x856.jpg\" alt=\"\" class=\"wp-image-14\" srcset=\"https:\/\/hirsch-schlattstall.de\/WP\/wp-content\/uploads\/2022\/06\/2013-11.22.Hirsch-Schlattstall-20-1024x856.jpg 1024w, https:\/\/hirsch-schlattstall.de\/WP\/wp-content\/uploads\/2022\/06\/2013-11.22.Hirsch-Schlattstall-20-300x251.jpg 300w, https:\/\/hirsch-schlattstall.de\/WP\/wp-content\/uploads\/2022\/06\/2013-11.22.Hirsch-Schlattstall-20-768x642.jpg 768w, https:\/\/hirsch-schlattstall.de\/WP\/wp-content\/uploads\/2022\/06\/2013-11.22.Hirsch-Schlattstall-20-1536x1283.jpg 1536w, https:\/\/hirsch-schlattstall.de\/WP\/wp-content\/uploads\/2022\/06\/2013-11.22.Hirsch-Schlattstall-20-2048x1711.jpg 2048w\" sizes=\"auto, (max-width: 1024px) 100vw, 1024px\" \/><\/figure>\n<\/figure>\n<\/div>\n<\/div>\n\n\n\n<p><\/p>\n\n\n\n<div class=\"wp-block-columns is-layout-flex wp-container-core-columns-is-layout-9d6595d7 wp-block-columns-is-layout-flex\">\n<div class=\"wp-block-column is-layout-flow wp-block-column-is-layout-flow\">\n<figure class=\"wp-block-image size-full\"><img loading=\"lazy\" decoding=\"async\" width=\"206\" height=\"206\" src=\"https:\/\/hirsch-schlattstall.de\/WP\/wp-content\/uploads\/2022\/06\/Gruibinger.jpg\" alt=\"\" class=\"wp-image-15\" srcset=\"https:\/\/hirsch-schlattstall.de\/WP\/wp-content\/uploads\/2022\/06\/Gruibinger.jpg 206w, https:\/\/hirsch-schlattstall.de\/WP\/wp-content\/uploads\/2022\/06\/Gruibinger-150x150.jpg 150w\" sizes=\"auto, (max-width: 206px) 100vw, 206px\" \/><\/figure>\n<\/div>\n\n\n\n<div class=\"wp-block-column is-layout-flow wp-block-column-is-layout-flow\">\n<h3 class=\"wp-block-heading\">Bierspezialit\u00e4ten aus dem L\u00e4ndle<\/h3>\n\n\n\n<p>Bereits im 18. Jahrhundert wird die Lammbrauerei Hilsenbeck offiziell in den B\u00fcchern des schw\u00e4bischen St\u00e4dtchens Gruibingen erw\u00e4hnt. Die Stammbiere \u2013 das Gruibinger Dorfbr\u00e4u (Exportbier), das Gruibinger Stiefel-Pils (feinherbes Pils) und das Gruibinger Brunnenbier (naturtr\u00fcb) \u2013 k\u00f6nnen unsere G\u00e4ste das ganze Jahr \u00fcber bei uns genie\u00dfen.<\/p>\n<\/div>\n<\/div>\n","protected":false},"excerpt":{"rendered":"<p>Philosophie Schw\u00e4bische Gerichte, zeitgem\u00e4\u00df,aus frischen Produkten zubereitet,mit \u00fcberschaubaren Ausfl\u00fcgenin die internationale K\u00fcche. Lebensmittel-unvertr\u00e4glichkeiten Besondere Gerichte f\u00fcr G\u00e4ste mit Lebensmittelunvertr\u00e4glichkeiten Bitte sprechen Sie uns an. Gerne gehen wir auf Ihre individuellen Bed\u00fcrfnisse ein. Saisonale Speziali\u00e4ten Spargelzeit G\u00e4nsezeit Bierspezialit\u00e4ten aus dem L\u00e4ndle Bereits im 18. Jahrhundert wird die Lammbrauerei Hilsenbeck offiziell in den B\u00fcchern des schw\u00e4bischen St\u00e4dtchens &hellip;<\/p>\n","protected":false},"author":1,"featured_media":0,"parent":0,"menu_order":0,"comment_status":"closed","ping_status":"closed","template":"","meta":{"footnotes":""},"class_list":["post-13","page","type-page","status-publish","hentry"],"_links":{"self":[{"href":"https:\/\/hirsch-schlattstall.de\/index.php\/wp-json\/wp\/v2\/pages\/13","targetHints":{"allow":["GET"]}}],"collection":[{"href":"https:\/\/hirsch-schlattstall.de\/index.php\/wp-json\/wp\/v2\/pages"}],"about":[{"href":"https:\/\/hirsch-schlattstall.de\/index.php\/wp-json\/wp\/v2\/types\/page"}],"author":[{"embeddable":true,"href":"https:\/\/hirsch-schlattstall.de\/index.php\/wp-json\/wp\/v2\/users\/1"}],"replies":[{"embeddable":true,"href":"https:\/\/hirsch-schlattstall.de\/index.php\/wp-json\/wp\/v2\/comments?post=13"}],"version-history":[{"count":2,"href":"https:\/\/hirsch-schlattstall.de\/index.php\/wp-json\/wp\/v2\/pages\/13\/revisions"}],"predecessor-version":[{"id":45,"href":"https:\/\/hirsch-schlattstall.de\/index.php\/wp-json\/wp\/v2\/pages\/13\/revisions\/45"}],"wp:attachment":[{"href":"https:\/\/hirsch-schlattstall.de\/index.php\/wp-json\/wp\/v2\/media?parent=13"}],"curies":[{"name":"wp","href":"https:\/\/api.w.org\/{rel}","templated":true}]}}